{"id":16777,"date":"2023-07-31T16:39:02","date_gmt":"2023-07-31T14:39:02","guid":{"rendered":"https:\/\/www.aston.eu\/agile-team\/"},"modified":"2023-08-04T07:26:20","modified_gmt":"2023-08-04T05:26:20","slug":"agile-team","status":"publish","type":"page","link":"https:\/\/www.aston.eu\/de\/agile-team\/","title":{"rendered":"Agile team"},"content":{"rendered":"\t\t<div data-elementor-type=\"wp-page\" data-elementor-id=\"16777\" class=\"elementor elementor-16777\" data-elementor-post-type=\"page\">\n\t\t\t\t\t\t<section data-particle_enable=\"false\" data-particle-mobile-disabled=\"false\" class=\"elementor-section elementor-top-section elementor-element elementor-element-808589f elementor-section-stretched elementor-section-boxed elementor-section-height-default elementor-section-height-default\" data-id=\"808589f\" data-element_type=\"section\" data-e-type=\"section\" data-settings=\"{&quot;stretch_section&quot;:&quot;section-stretched&quot;,&quot;background_background&quot;:&quot;classic&quot;}\">\n\t\t\t\t\t\t<div class=\"elementor-container elementor-column-gap-default\">\n\t\t\t\t\t<div class=\"elementor-column elementor-col-50 elementor-top-column elementor-element elementor-element-7797f1f\" data-id=\"7797f1f\" data-element_type=\"column\" data-e-type=\"column\">\n\t\t\t<div class=\"elementor-widget-wrap elementor-element-populated\">\n\t\t\t\t\t\t<div class=\"elementor-element elementor-element-8bc2bb6 elementor-widget elementor-widget-heading\" data-id=\"8bc2bb6\" data-element_type=\"widget\" data-e-type=\"widget\" data-widget_type=\"heading.default\">\n\t\t\t\t<div class=\"elementor-widget-container\">\n\t\t\t\t\t<h2 class=\"elementor-heading-title elementor-size-default\">Agiles team<\/h2>\t\t\t\t<\/div>\n\t\t\t\t<\/div>\n\t\t\t\t\t<\/div>\n\t\t<\/div>\n\t\t\t\t<div class=\"elementor-column elementor-col-50 elementor-top-column elementor-element elementor-element-72d938a\" data-id=\"72d938a\" data-element_type=\"column\" data-e-type=\"column\">\n\t\t\t<div class=\"elementor-widget-wrap elementor-element-populated\">\n\t\t\t\t\t\t<div class=\"elementor-element elementor-element-7edd80e elementor-widget elementor-widget-image\" data-id=\"7edd80e\" data-element_type=\"widget\" data-e-type=\"widget\" data-widget_type=\"image.default\">\n\t\t\t\t<div class=\"elementor-widget-container\">\n\t\t\t\t\t\t\t\t\t\t\t\t\t\t\t<img fetchpriority=\"high\" decoding=\"async\" width=\"1024\" height=\"778\" src=\"https:\/\/www.aston.eu\/wp-content\/uploads\/2023\/03\/agility-1024x778.webp\" class=\"attachment-large size-large wp-image-15184\" alt=\"\" srcset=\"https:\/\/www.aston.eu\/wp-content\/uploads\/2023\/03\/agility-1024x778.webp 1024w, https:\/\/www.aston.eu\/wp-content\/uploads\/2023\/03\/agility-300x228.webp 300w, https:\/\/www.aston.eu\/wp-content\/uploads\/2023\/03\/agility-768x583.webp 768w, https:\/\/www.aston.eu\/wp-content\/uploads\/2023\/03\/agility.webp 1148w\" sizes=\"(max-width: 1024px) 100vw, 1024px\" \/>\t\t\t\t\t\t\t\t\t\t\t\t\t\t\t<\/div>\n\t\t\t\t<\/div>\n\t\t\t\t\t<\/div>\n\t\t<\/div>\n\t\t\t\t\t<\/div>\n\t\t<\/section>\n\t\t\t\t<section data-particle_enable=\"false\" data-particle-mobile-disabled=\"false\" class=\"elementor-section elementor-top-section elementor-element elementor-element-762b64c elementor-section-stretched elementor-section-boxed elementor-section-height-default elementor-section-height-default\" data-id=\"762b64c\" data-element_type=\"section\" data-e-type=\"section\" data-settings=\"{&quot;stretch_section&quot;:&quot;section-stretched&quot;}\">\n\t\t\t\t\t\t<div class=\"elementor-container elementor-column-gap-default\">\n\t\t\t\t\t<div class=\"elementor-column elementor-col-100 elementor-top-column elementor-element elementor-element-3bc2552\" data-id=\"3bc2552\" data-element_type=\"column\" data-e-type=\"column\">\n\t\t\t<div class=\"elementor-widget-wrap elementor-element-populated\">\n\t\t\t\t\t\t<div class=\"elementor-element elementor-element-66cf4aa elementor-widget elementor-widget-heading\" data-id=\"66cf4aa\" data-element_type=\"widget\" data-e-type=\"widget\" data-widget_type=\"heading.default\">\n\t\t\t\t<div class=\"elementor-widget-container\">\n\t\t\t\t\t<h2 class=\"elementor-heading-title elementor-size-default\">Von der Analyse bis zum funktionsf\u00e4higen Produkt<\/h2>\t\t\t\t<\/div>\n\t\t\t\t<\/div>\n\t\t\t\t<div class=\"elementor-element elementor-element-3cba716 elementor-widget elementor-widget-text-editor\" data-id=\"3cba716\" data-element_type=\"widget\" data-e-type=\"widget\" data-widget_type=\"text-editor.default\">\n\t\t\t\t<div class=\"elementor-widget-container\">\n\t\t\t\t\t\t\t\t\t<p>Wir stellen unseren Kunden jeweils ein Team f\u00fcr bestimmte Projekte\/Aufgaben der Softwareentwicklung zur Verf\u00fcgung, das aus einer vereinbarten Anzahl von Spezialisten in den ben\u00f6tigten Rollen besteht.<\/p>\t\t\t\t\t\t\t\t<\/div>\n\t\t\t\t<\/div>\n\t\t\t\t<div class=\"elementor-element elementor-element-bb86f89 elementor-widget elementor-widget-heading\" data-id=\"bb86f89\" data-element_type=\"widget\" data-e-type=\"widget\" data-widget_type=\"heading.default\">\n\t\t\t\t<div class=\"elementor-widget-container\">\n\t\t\t\t\t<h2 class=\"elementor-heading-title elementor-size-default\">Fokus<\/h2>\t\t\t\t<\/div>\n\t\t\t\t<\/div>\n\t\t\t\t<div class=\"elementor-element elementor-element-49c15f2 elementor-widget elementor-widget-text-editor\" data-id=\"49c15f2\" data-element_type=\"widget\" data-e-type=\"widget\" data-widget_type=\"text-editor.default\">\n\t\t\t\t<div class=\"elementor-widget-container\">\n\t\t\t\t\t\t\t\t\t<p>Das Team fokussiert sich ausschlie\u00dflich und vollst\u00e4ndig auf das Projekt und ist dabei mit entsprechendem Budget ausgestattet.<\/p>\t\t\t\t\t\t\t\t<\/div>\n\t\t\t\t<\/div>\n\t\t\t\t<div class=\"elementor-element elementor-element-ce515b0 elementor-widget elementor-widget-heading\" data-id=\"ce515b0\" data-element_type=\"widget\" data-e-type=\"widget\" data-widget_type=\"heading.default\">\n\t\t\t\t<div class=\"elementor-widget-container\">\n\t\t\t\t\t<h2 class=\"elementor-heading-title elementor-size-default\">F\u00fchrung<\/h2>\t\t\t\t<\/div>\n\t\t\t\t<\/div>\n\t\t\t\t<div class=\"elementor-element elementor-element-ac561ec elementor-widget elementor-widget-text-editor\" data-id=\"ac561ec\" data-element_type=\"widget\" data-e-type=\"widget\" data-widget_type=\"text-editor.default\">\n\t\t\t\t<div class=\"elementor-widget-container\">\n\t\t\t\t\t\t\t\t\t<p><strong>Das Team befolgt mindestens diese grundlegenden agilen Prinzipien:<\/strong><\/p><ul><li>Ein Scrum Master (von uns gestellt wird) leitet das Team<\/li><li>Der Kunde (mindestens ein Projektverantwortlicher) ist Teil des Teams (kein Vollzeitmitarbeiter, er nimmt nur an ausgew\u00e4hlten Veranstaltungen teil)<\/li><li>2-Wochen Sprints<\/li><li>Standups\/Verfeinerung\/Planung\/Demo\/Retro sind Mindestveranstaltungen, an welchen der Kunde teilnimmt<\/li><\/ul>\t\t\t\t\t\t\t\t<\/div>\n\t\t\t\t<\/div>\n\t\t\t\t<div class=\"elementor-element elementor-element-af4a172 elementor-widget elementor-widget-heading\" data-id=\"af4a172\" data-element_type=\"widget\" data-e-type=\"widget\" data-widget_type=\"heading.default\">\n\t\t\t\t<div class=\"elementor-widget-container\">\n\t\t\t\t\t<h2 class=\"elementor-heading-title elementor-size-default\">\nTransparenz und Kontrolle<\/h2>\t\t\t\t<\/div>\n\t\t\t\t<\/div>\n\t\t\t\t<div class=\"elementor-element elementor-element-0543b72 elementor-widget elementor-widget-text-editor\" data-id=\"0543b72\" data-element_type=\"widget\" data-e-type=\"widget\" data-widget_type=\"text-editor.default\">\n\t\t\t\t<div class=\"elementor-widget-container\">\n\t\t\t\t\t\t\t\t\t<p><strong>Alle Projektinformationen werden in Jira (eventuell JIRA des Kunden) gespeichert und sind rund um die Uhr (24\/7) zug\u00e4nglich:<\/strong><\/p><ul><li>Anwendungsbereich: Epen\/Geschichten\/Aufgaben<\/li><li>Dokumentation<\/li><li>Projektrollen und Nutzer<\/li><li>Kommunikation zwischen den Projektrollenverantwortlichen<\/li><li>Projektr\u00fcckst\u00e4nde, Sprintr\u00fcckst\u00e4nde und Fortschritt\/Burndowns<\/li><li>protokollierte Stunden f\u00fcr Aufgaben<\/li><li>der Code wird an die Verwahrung beim Kunden \u00fcbergeben<\/li><\/ul>\t\t\t\t\t\t\t\t<\/div>\n\t\t\t\t<\/div>\n\t\t\t\t<div class=\"elementor-element elementor-element-d3f0050 elementor-widget elementor-widget-heading\" data-id=\"d3f0050\" data-element_type=\"widget\" data-e-type=\"widget\" data-widget_type=\"heading.default\">\n\t\t\t\t<div class=\"elementor-widget-container\">\n\t\t\t\t\t<h2 class=\"elementor-heading-title elementor-size-default\">Abnahme und Abrechnung<\/h2>\t\t\t\t<\/div>\n\t\t\t\t<\/div>\n\t\t\t\t<div class=\"elementor-element elementor-element-4f5ecbf elementor-widget elementor-widget-text-editor\" data-id=\"4f5ecbf\" data-element_type=\"widget\" data-e-type=\"widget\" data-widget_type=\"text-editor.default\">\n\t\t\t\t<div class=\"elementor-widget-container\">\n\t\t\t\t\t\t\t\t\t<ul><li>Abnahme von Sprint-Ergebnissen durch den Kunden nach der Demo<\/li><li>Abrechnung der aufgewendeten (geloggten) Stunden f\u00fcr einen Sprint<\/li><\/ul>\t\t\t\t\t\t\t\t<\/div>\n\t\t\t\t<\/div>\n\t\t\t\t<div class=\"elementor-element elementor-element-64c9a5a elementor-align-center elementor-widget elementor-widget-the7_button_widget\" data-id=\"64c9a5a\" data-element_type=\"widget\" data-e-type=\"widget\" data-widget_type=\"the7_button_widget.default\">\n\t\t\t\t<div class=\"elementor-widget-container\">\n\t\t\t\t\t<div class=\"elementor-button-wrapper\"><a href=\"\/de\/kontakt\/\" class=\"box-button elementor-button elementor-size-xs\">Ich bin interessiert<\/a><\/div>\t\t\t\t<\/div>\n\t\t\t\t<\/div>\n\t\t\t\t\t<\/div>\n\t\t<\/div>\n\t\t\t\t\t<\/div>\n\t\t<\/section>\n\t\t\t\t<section data-particle_enable=\"false\" data-particle-mobile-disabled=\"false\" class=\"elementor-section elementor-top-section elementor-element elementor-element-b9b026c elementor-section-boxed elementor-section-height-default elementor-section-height-default\" data-id=\"b9b026c\" data-element_type=\"section\" data-e-type=\"section\">\n\t\t\t\t\t\t<div class=\"elementor-container elementor-column-gap-default\">\n\t\t\t\t\t<div class=\"elementor-column elementor-col-100 elementor-top-column elementor-element elementor-element-dd6bd8b\" data-id=\"dd6bd8b\" data-element_type=\"column\" data-e-type=\"column\">\n\t\t\t<div class=\"elementor-widget-wrap\">\n\t\t\t\t\t\t\t<\/div>\n\t\t<\/div>\n\t\t\t\t\t<\/div>\n\t\t<\/section>\n\t\t\t\t<\/div>\n\t\t","protected":false},"excerpt":{"rendered":"<p>Agiles team Von der Analyse bis zum funktionsf\u00e4higen Produkt Wir stellen unseren Kunden jeweils ein Team f\u00fcr bestimmte Projekte\/Aufgaben der Softwareentwicklung zur Verf\u00fcgung, das aus einer vereinbarten Anzahl von Spezialisten in den ben\u00f6tigten Rollen besteht. Fokus Das Team fokussiert sich ausschlie\u00dflich und vollst\u00e4ndig auf das Projekt und ist dabei mit entsprechendem Budget ausgestattet. F\u00fchrung Das&hellip;<\/p>\n","protected":false},"author":1,"featured_media":0,"parent":0,"menu_order":0,"comment_status":"closed","ping_status":"closed","template":"","meta":{"_acf_changed":false,"inline_featured_image":false,"footnotes":""},"class_list":["post-16777","page","type-page","status-publish","hentry"],"acf":[],"yoast_head":"<!-- This site is optimized with the Yoast SEO plugin v27.4 - https:\/\/yoast.com\/product\/yoast-seo-wordpress\/ -->\n<title>Aston ITM<\/title>\n<meta name=\"robots\" content=\"index, follow, max-snippet:-1, max-image-preview:large, max-video-preview:-1\" \/>\n<link rel=\"canonical\" href=\"https:\/\/www.aston.eu\/agile-team\/\" \/>\n<meta property=\"og:locale\" content=\"de_DE\" \/>\n<meta property=\"og:type\" content=\"article\" \/>\n<meta property=\"og:title\" content=\"Aston ITM\" \/>\n<meta property=\"og:description\" content=\"Agiles team Von der Analyse bis zum funktionsf\u00e4higen Produkt Wir stellen unseren Kunden jeweils ein Team f\u00fcr bestimmte Projekte\/Aufgaben der Softwareentwicklung zur Verf\u00fcgung, das aus einer vereinbarten Anzahl von Spezialisten in den ben\u00f6tigten Rollen besteht. Fokus Das Team fokussiert sich ausschlie\u00dflich und vollst\u00e4ndig auf das Projekt und ist dabei mit entsprechendem Budget ausgestattet. F\u00fchrung Das&hellip;\" \/>\n<meta property=\"og:url\" content=\"https:\/\/www.aston.eu\/agile-team\/\" \/>\n<meta property=\"og:site_name\" content=\"Aston ITM\" \/>\n<meta property=\"article:modified_time\" content=\"2023-08-04T05:26:20+00:00\" \/>\n<meta property=\"og:image\" content=\"https:\/\/www.aston.eu\/wp-content\/uploads\/2023\/03\/agility-1024x778.webp\" \/>\n<meta name=\"twitter:card\" content=\"summary_large_image\" \/>\n<meta name=\"twitter:label1\" content=\"Gesch\u00e4tzte Lesezeit\" \/>\n\t<meta name=\"twitter:data1\" content=\"2\u00a0Minuten\" \/>\n<script type=\"application\/ld+json\" class=\"yoast-schema-graph\">{\"@context\":\"https:\\\/\\\/schema.org\",\"@graph\":[{\"@type\":\"WebPage\",\"@id\":\"https:\\\/\\\/www.aston.eu\\\/agile-team\\\/\",\"url\":\"https:\\\/\\\/www.aston.eu\\\/agile-team\\\/\",\"name\":\"Aston ITM\",\"isPartOf\":{\"@id\":\"https:\\\/\\\/www.aston.eu\\\/#website\"},\"primaryImageOfPage\":{\"@id\":\"https:\\\/\\\/www.aston.eu\\\/agile-team\\\/#primaryimage\"},\"image\":{\"@id\":\"https:\\\/\\\/www.aston.eu\\\/agile-team\\\/#primaryimage\"},\"thumbnailUrl\":\"https:\\\/\\\/www.aston.eu\\\/wp-content\\\/uploads\\\/2023\\\/03\\\/agility-1024x778.webp\",\"datePublished\":\"2023-07-31T14:39:02+00:00\",\"dateModified\":\"2023-08-04T05:26:20+00:00\",\"inLanguage\":\"de\",\"potentialAction\":[{\"@type\":\"ReadAction\",\"target\":[\"https:\\\/\\\/www.aston.eu\\\/agile-team\\\/\"]}]},{\"@type\":\"ImageObject\",\"inLanguage\":\"de\",\"@id\":\"https:\\\/\\\/www.aston.eu\\\/agile-team\\\/#primaryimage\",\"url\":\"https:\\\/\\\/www.aston.eu\\\/wp-content\\\/uploads\\\/2023\\\/03\\\/agility-1024x778.webp\",\"contentUrl\":\"https:\\\/\\\/www.aston.eu\\\/wp-content\\\/uploads\\\/2023\\\/03\\\/agility-1024x778.webp\"},{\"@type\":\"WebSite\",\"@id\":\"https:\\\/\\\/www.aston.eu\\\/#website\",\"url\":\"https:\\\/\\\/www.aston.eu\\\/\",\"name\":\"Aston ITM\",\"description\":\"\",\"publisher\":{\"@id\":\"https:\\\/\\\/www.aston.eu\\\/#organization\"},\"potentialAction\":[{\"@type\":\"SearchAction\",\"target\":{\"@type\":\"EntryPoint\",\"urlTemplate\":\"https:\\\/\\\/www.aston.eu\\\/?s={search_term_string}\"},\"query-input\":{\"@type\":\"PropertyValueSpecification\",\"valueRequired\":true,\"valueName\":\"search_term_string\"}}],\"inLanguage\":\"de\"},{\"@type\":\"Organization\",\"@id\":\"https:\\\/\\\/www.aston.eu\\\/#organization\",\"name\":\"Aston ITM\",\"url\":\"https:\\\/\\\/www.aston.eu\\\/\",\"logo\":{\"@type\":\"ImageObject\",\"inLanguage\":\"de\",\"@id\":\"https:\\\/\\\/www.aston.eu\\\/#\\\/schema\\\/logo\\\/image\\\/\",\"url\":\"https:\\\/\\\/www.aston.eu\\\/wp-content\\\/uploads\\\/2023\\\/03\\\/Logo_astonitm.svg\",\"contentUrl\":\"https:\\\/\\\/www.aston.eu\\\/wp-content\\\/uploads\\\/2023\\\/03\\\/Logo_astonitm.svg\",\"width\":161,\"height\":30,\"caption\":\"Aston ITM\"},\"image\":{\"@id\":\"https:\\\/\\\/www.aston.eu\\\/#\\\/schema\\\/logo\\\/image\\\/\"}}]}<\/script>\n<!-- \/ Yoast SEO plugin. -->","yoast_head_json":{"title":"Aston ITM","robots":{"index":"index","follow":"follow","max-snippet":"max-snippet:-1","max-image-preview":"max-image-preview:large","max-video-preview":"max-video-preview:-1"},"canonical":"https:\/\/www.aston.eu\/agile-team\/","og_locale":"de_DE","og_type":"article","og_title":"Aston ITM","og_description":"Agiles team Von der Analyse bis zum funktionsf\u00e4higen Produkt Wir stellen unseren Kunden jeweils ein Team f\u00fcr bestimmte Projekte\/Aufgaben der Softwareentwicklung zur Verf\u00fcgung, das aus einer vereinbarten Anzahl von Spezialisten in den ben\u00f6tigten Rollen besteht. Fokus Das Team fokussiert sich ausschlie\u00dflich und vollst\u00e4ndig auf das Projekt und ist dabei mit entsprechendem Budget ausgestattet. F\u00fchrung Das&hellip;","og_url":"https:\/\/www.aston.eu\/agile-team\/","og_site_name":"Aston ITM","article_modified_time":"2023-08-04T05:26:20+00:00","og_image":[{"url":"https:\/\/www.aston.eu\/wp-content\/uploads\/2023\/03\/agility-1024x778.webp","type":"","width":"","height":""}],"twitter_card":"summary_large_image","twitter_misc":{"Gesch\u00e4tzte Lesezeit":"2\u00a0Minuten"},"schema":{"@context":"https:\/\/schema.org","@graph":[{"@type":"WebPage","@id":"https:\/\/www.aston.eu\/agile-team\/","url":"https:\/\/www.aston.eu\/agile-team\/","name":"Aston ITM","isPartOf":{"@id":"https:\/\/www.aston.eu\/#website"},"primaryImageOfPage":{"@id":"https:\/\/www.aston.eu\/agile-team\/#primaryimage"},"image":{"@id":"https:\/\/www.aston.eu\/agile-team\/#primaryimage"},"thumbnailUrl":"https:\/\/www.aston.eu\/wp-content\/uploads\/2023\/03\/agility-1024x778.webp","datePublished":"2023-07-31T14:39:02+00:00","dateModified":"2023-08-04T05:26:20+00:00","inLanguage":"de","potentialAction":[{"@type":"ReadAction","target":["https:\/\/www.aston.eu\/agile-team\/"]}]},{"@type":"ImageObject","inLanguage":"de","@id":"https:\/\/www.aston.eu\/agile-team\/#primaryimage","url":"https:\/\/www.aston.eu\/wp-content\/uploads\/2023\/03\/agility-1024x778.webp","contentUrl":"https:\/\/www.aston.eu\/wp-content\/uploads\/2023\/03\/agility-1024x778.webp"},{"@type":"WebSite","@id":"https:\/\/www.aston.eu\/#website","url":"https:\/\/www.aston.eu\/","name":"Aston ITM","description":"","publisher":{"@id":"https:\/\/www.aston.eu\/#organization"},"potentialAction":[{"@type":"SearchAction","target":{"@type":"EntryPoint","urlTemplate":"https:\/\/www.aston.eu\/?s={search_term_string}"},"query-input":{"@type":"PropertyValueSpecification","valueRequired":true,"valueName":"search_term_string"}}],"inLanguage":"de"},{"@type":"Organization","@id":"https:\/\/www.aston.eu\/#organization","name":"Aston ITM","url":"https:\/\/www.aston.eu\/","logo":{"@type":"ImageObject","inLanguage":"de","@id":"https:\/\/www.aston.eu\/#\/schema\/logo\/image\/","url":"https:\/\/www.aston.eu\/wp-content\/uploads\/2023\/03\/Logo_astonitm.svg","contentUrl":"https:\/\/www.aston.eu\/wp-content\/uploads\/2023\/03\/Logo_astonitm.svg","width":161,"height":30,"caption":"Aston ITM"},"image":{"@id":"https:\/\/www.aston.eu\/#\/schema\/logo\/image\/"}}]}},"_links":{"self":[{"href":"https:\/\/www.aston.eu\/de\/wp-json\/wp\/v2\/pages\/16777","targetHints":{"allow":["GET"]}}],"collection":[{"href":"https:\/\/www.aston.eu\/de\/wp-json\/wp\/v2\/pages"}],"about":[{"href":"https:\/\/www.aston.eu\/de\/wp-json\/wp\/v2\/types\/page"}],"author":[{"embeddable":true,"href":"https:\/\/www.aston.eu\/de\/wp-json\/wp\/v2\/users\/1"}],"replies":[{"embeddable":true,"href":"https:\/\/www.aston.eu\/de\/wp-json\/wp\/v2\/comments?post=16777"}],"version-history":[{"count":6,"href":"https:\/\/www.aston.eu\/de\/wp-json\/wp\/v2\/pages\/16777\/revisions"}],"predecessor-version":[{"id":18089,"href":"https:\/\/www.aston.eu\/de\/wp-json\/wp\/v2\/pages\/16777\/revisions\/18089"}],"wp:attachment":[{"href":"https:\/\/www.aston.eu\/de\/wp-json\/wp\/v2\/media?parent=16777"}],"curies":[{"name":"wp","href":"https:\/\/api.w.org\/{rel}","templated":true}]}}