{"id":15415,"date":"2022-01-04T12:49:57","date_gmt":"2022-01-04T11:49:57","guid":{"rendered":"https:\/\/www.aston.eu\/pravidla-ochrany-osobnych-udajov-gdpr\/"},"modified":"2023-08-01T13:30:24","modified_gmt":"2023-08-01T11:30:24","slug":"privacy-policy","status":"publish","type":"page","link":"https:\/\/www.aston.eu\/en\/privacy-policy\/","title":{"rendered":"Privacy Policy"},"content":{"rendered":"\t\t<div data-elementor-type=\"wp-page\" data-elementor-id=\"15415\" class=\"elementor elementor-15415\" data-elementor-post-type=\"page\">\n\t\t\t\t\t\t<section data-particle_enable=\"false\" data-particle-mobile-disabled=\"false\" class=\"elementor-section elementor-top-section elementor-element elementor-element-550ad43 elementor-section-stretched elementor-section-boxed elementor-section-height-default elementor-section-height-default\" data-id=\"550ad43\" data-element_type=\"section\" data-e-type=\"section\" data-settings=\"{&quot;stretch_section&quot;:&quot;section-stretched&quot;}\">\n\t\t\t\t\t\t<div class=\"elementor-container elementor-column-gap-default\">\n\t\t\t\t\t<div class=\"elementor-column elementor-col-100 elementor-top-column elementor-element elementor-element-166bdcf\" data-id=\"166bdcf\" data-element_type=\"column\" data-e-type=\"column\">\n\t\t\t<div class=\"elementor-widget-wrap elementor-element-populated\">\n\t\t\t\t\t\t<div class=\"elementor-element elementor-element-04d6003 elementor-widget elementor-widget-text-editor\" data-id=\"04d6003\" data-element_type=\"widget\" data-e-type=\"widget\" data-widget_type=\"text-editor.default\">\n\t\t\t\t<div class=\"elementor-widget-container\">\n\t\t\t\t\t\t\t\t\t<header><div id=\"capacity-header\"><h1 class=\"entry-title\">Privacy Policy<\/h1><\/div><div class=\"padding-bottom40\"><div class=\"page-content\"><div class=\"wysiwyg-content\"><p><strong>What is a Cookie and why do we use them?\u00a0<\/strong><\/p><p>A cookie is a small text file that is sent to your device from a website when you first visit it. Cookies are used to analyze the user\u2019s interests on our website and help make our website simpler. We use cookies for the purpose of improving the service to website visitors. When you visit our site, you can consent to the use of this technology. It allows us to record visits and activity on the site, which helps us to better understand and navigate the information you are most interested in.<\/p><p>We use Google Analytics to help us generate statistics to understand the needs of our visitors.<\/p><p><strong>What cookies do we use?<\/strong><\/p><p>We use Google Analytics to measure and generate statistics to help us understand how our visitors move around the site and use our applications. With the information we collect, we try to optimize the site to adapt to your needs and provide you with easy and quick access to the information you are looking for. \u00a0<\/p><p>These cookies do not collect information that can individually identify visitors. We only collect general information about your computer settings, your internet connection, your operating system, and platform, browsing patterns and interaction with our site.<\/p><p>However, you may choose to change your browser settings.<\/p><p><strong>Setting or removing cookies<\/strong><\/p><p>You can delete cookies from your browser at any time or disable their storage altogether via the relevant browser settings. Please note however, that the functionality of the site may be limited if cookies are deactivated.<\/p><p><strong>How do I change my cookie settings?<\/strong><\/p><p>We only use cookies if you agree to it. Your consent and the extent of your consent is given to us when you first visit our website, depending on your browser settings, each time your browser has been set for a certain period or each time it is re-launched. In addition, you can delete cookies from your device after you have given your consent, either via your internet browser or directly from the relevant directory on your device.<\/p><p>Your browser settings are deemed to be your consent to the use of cookies on our website within the meaning of Section 55 (5) of the Electronic Communications Act. Consent to the use of cookies is not required for \u201ctechnical storage of or access to data whose sole purpose is to transmit or facilitate the transmission of a message over a network\u201d within the meaning of this provision. In short, this means that we do not need to obtain your cookie consent for so-called cookies that enable the technical operation and functioning of our website.<\/p><p>You can set the management of cookies and the corresponding permissions in each internet browser. Instructions on how to adjust the cookie policy settings and procedures for deleting cookies in the most used internet browsers can be found on the following pages:<\/p><p><strong>A list of links to manage cookies in browsers:<\/strong><\/p><p><strong>Internet Explorer<\/strong><\/p><p>For information on the different versions of Internet Explorer, please visit the following address:\u00a0<a href=\"http:\/\/support.microsoft.com\/kb\/278835\">http:\/\/support.microsoft.com\/kb\/278835<\/a><\/p><p>For mobile versions: <a href=\"http:\/\/comparitech.net\/cookies\">http:\/\/comparitech.net\/cookies<\/a><\/p><p><strong>Chrome<\/strong><\/p><p><a href=\"http:\/\/support.google.com\/chrome\/bin\/answer.py?hl=en-GB&amp;answer=95647\">http:\/\/support.google.com\/chrome\/bin\/answer.py?hl=en-GB&amp;answer=95647<\/a><\/p><p><strong>Safari<\/strong><\/p><p><a href=\"http:\/\/docs.info.apple.com\/article.html?path=Safari\/5.0\/en\/9277.html\">http:\/\/docs.info.apple.com\/article.html?path=Safari\/5.0\/en\/9277.html<\/a><\/p><p>For mobile versions:\u00a0<a href=\"http:\/\/support.apple.com\/kb\/HT1677\">http:\/\/support.apple.com\/kb\/HT1677<\/a><\/p><p><strong>Firefox<\/strong><\/p><p><a href=\"http:\/\/support.mozilla.org\/en-US\/kb\/Enabling%2520and%2520disabling%2520cookies\">http:\/\/support.mozilla.org\/en-US\/kb\/Enabling%20and%20disabling%20cookies<\/a><\/p><p>You can also opt out of the use of your cookies directly from Google Analytics cookies here:<\/p><p><a href=\"http:\/\/tools.google.com\/dlpage\/gaoptout\">http:\/\/tools.google.com\/dlpage\/gaoptout<\/a>.<\/p><p><strong>List of cookies used<\/strong><\/p><p><strong>Google Analytics<\/strong>\u00a0\u2013 collects aggregate data about user behavior on the website to improve the quality and usability of the website. Cookies are used to identify a given user using a random string of numbers that is created for that user on the first visit.<\/p><figure class=\"wp-block-embed\"><div class=\"wp-block-embed__wrapper\">https:\/\/developers.google.com\/analytics\/devguides\/collection\/analyticsjs\/cookie-usage<\/div><\/figure><\/div><\/div><\/div><\/header>\t\t\t\t\t\t\t\t<\/div>\n\t\t\t\t<\/div>\n\t\t\t\t<div class=\"elementor-element elementor-element-20469ba elementor-widget elementor-widget-spacer\" data-id=\"20469ba\" data-element_type=\"widget\" data-e-type=\"widget\" data-widget_type=\"spacer.default\">\n\t\t\t\t<div class=\"elementor-widget-container\">\n\t\t\t\t\t\t\t<div class=\"elementor-spacer\">\n\t\t\t<div class=\"elementor-spacer-inner\"><\/div>\n\t\t<\/div>\n\t\t\t\t\t\t<\/div>\n\t\t\t\t<\/div>\n\t\t\t\t\t<\/div>\n\t\t<\/div>\n\t\t\t\t\t<\/div>\n\t\t<\/section>\n\t\t\t\t<\/div>\n\t\t","protected":false},"excerpt":{"rendered":"<p>Privacy Policy What is a Cookie and why do we use them?\u00a0 A cookie is a small text file that is sent to your device from a website when you first visit it. Cookies are used to analyze the user\u2019s interests on our website and help make our website simpler. We use cookies for the&hellip;<\/p>\n","protected":false},"author":1,"featured_media":0,"parent":0,"menu_order":0,"comment_status":"closed","ping_status":"closed","template":"","meta":{"_acf_changed":false,"inline_featured_image":false,"footnotes":""},"class_list":["post-15415","page","type-page","status-publish","hentry"],"acf":[],"yoast_head":"<!-- This site is optimized with the Yoast SEO plugin v27.4 - https:\/\/yoast.com\/product\/yoast-seo-wordpress\/ -->\n<title>Z\u00e1sady ochrany osobn\u00fdch \u00fadajov<\/title>\n<meta name=\"robots\" content=\"index, follow, max-snippet:-1, max-image-preview:large, max-video-preview:-1\" \/>\n<link rel=\"canonical\" href=\"https:\/\/www.aston.eu\/privacy-policy\/\" \/>\n<meta property=\"og:locale\" content=\"en_US\" \/>\n<meta property=\"og:type\" content=\"article\" \/>\n<meta property=\"og:title\" content=\"Z\u00e1sady ochrany osobn\u00fdch \u00fadajov\" \/>\n<meta property=\"og:description\" content=\"Privacy Policy What is a Cookie and why do we use them?\u00a0 A cookie is a small text file that is sent to your device from a website when you first visit it. Cookies are used to analyze the user\u2019s interests on our website and help make our website simpler. We use cookies for the&hellip;\" \/>\n<meta property=\"og:url\" content=\"https:\/\/www.aston.eu\/privacy-policy\/\" \/>\n<meta property=\"og:site_name\" content=\"Aston ITM\" \/>\n<meta property=\"article:modified_time\" content=\"2023-08-01T11:30:24+00:00\" \/>\n<meta name=\"twitter:card\" content=\"summary_large_image\" \/>\n<meta name=\"twitter:label1\" content=\"Est. reading time\" \/>\n\t<meta name=\"twitter:data1\" content=\"3 minutes\" \/>\n<script type=\"application\/ld+json\" class=\"yoast-schema-graph\">{\"@context\":\"https:\\\/\\\/schema.org\",\"@graph\":[{\"@type\":\"WebPage\",\"@id\":\"https:\\\/\\\/www.aston.eu\\\/privacy-policy\\\/\",\"url\":\"https:\\\/\\\/www.aston.eu\\\/privacy-policy\\\/\",\"name\":\"Z\u00e1sady ochrany osobn\u00fdch \u00fadajov\",\"isPartOf\":{\"@id\":\"https:\\\/\\\/www.aston.eu\\\/#website\"},\"datePublished\":\"2022-01-04T11:49:57+00:00\",\"dateModified\":\"2023-08-01T11:30:24+00:00\",\"inLanguage\":\"en-US\",\"potentialAction\":[{\"@type\":\"ReadAction\",\"target\":[\"https:\\\/\\\/www.aston.eu\\\/privacy-policy\\\/\"]}]},{\"@type\":\"WebSite\",\"@id\":\"https:\\\/\\\/www.aston.eu\\\/#website\",\"url\":\"https:\\\/\\\/www.aston.eu\\\/\",\"name\":\"Aston ITM\",\"description\":\"\",\"publisher\":{\"@id\":\"https:\\\/\\\/www.aston.eu\\\/#organization\"},\"potentialAction\":[{\"@type\":\"SearchAction\",\"target\":{\"@type\":\"EntryPoint\",\"urlTemplate\":\"https:\\\/\\\/www.aston.eu\\\/?s={search_term_string}\"},\"query-input\":{\"@type\":\"PropertyValueSpecification\",\"valueRequired\":true,\"valueName\":\"search_term_string\"}}],\"inLanguage\":\"en-US\"},{\"@type\":\"Organization\",\"@id\":\"https:\\\/\\\/www.aston.eu\\\/#organization\",\"name\":\"Aston ITM\",\"url\":\"https:\\\/\\\/www.aston.eu\\\/\",\"logo\":{\"@type\":\"ImageObject\",\"inLanguage\":\"en-US\",\"@id\":\"https:\\\/\\\/www.aston.eu\\\/#\\\/schema\\\/logo\\\/image\\\/\",\"url\":\"https:\\\/\\\/www.aston.eu\\\/wp-content\\\/uploads\\\/2023\\\/03\\\/Logo_astonitm.svg\",\"contentUrl\":\"https:\\\/\\\/www.aston.eu\\\/wp-content\\\/uploads\\\/2023\\\/03\\\/Logo_astonitm.svg\",\"width\":161,\"height\":30,\"caption\":\"Aston ITM\"},\"image\":{\"@id\":\"https:\\\/\\\/www.aston.eu\\\/#\\\/schema\\\/logo\\\/image\\\/\"}}]}<\/script>\n<!-- \/ Yoast SEO plugin. -->","yoast_head_json":{"title":"Z\u00e1sady ochrany osobn\u00fdch \u00fadajov","robots":{"index":"index","follow":"follow","max-snippet":"max-snippet:-1","max-image-preview":"max-image-preview:large","max-video-preview":"max-video-preview:-1"},"canonical":"https:\/\/www.aston.eu\/privacy-policy\/","og_locale":"en_US","og_type":"article","og_title":"Z\u00e1sady ochrany osobn\u00fdch \u00fadajov","og_description":"Privacy Policy What is a Cookie and why do we use them?\u00a0 A cookie is a small text file that is sent to your device from a website when you first visit it. Cookies are used to analyze the user\u2019s interests on our website and help make our website simpler. We use cookies for the&hellip;","og_url":"https:\/\/www.aston.eu\/privacy-policy\/","og_site_name":"Aston ITM","article_modified_time":"2023-08-01T11:30:24+00:00","twitter_card":"summary_large_image","twitter_misc":{"Est. reading time":"3 minutes"},"schema":{"@context":"https:\/\/schema.org","@graph":[{"@type":"WebPage","@id":"https:\/\/www.aston.eu\/privacy-policy\/","url":"https:\/\/www.aston.eu\/privacy-policy\/","name":"Z\u00e1sady ochrany osobn\u00fdch \u00fadajov","isPartOf":{"@id":"https:\/\/www.aston.eu\/#website"},"datePublished":"2022-01-04T11:49:57+00:00","dateModified":"2023-08-01T11:30:24+00:00","inLanguage":"en-US","potentialAction":[{"@type":"ReadAction","target":["https:\/\/www.aston.eu\/privacy-policy\/"]}]},{"@type":"WebSite","@id":"https:\/\/www.aston.eu\/#website","url":"https:\/\/www.aston.eu\/","name":"Aston ITM","description":"","publisher":{"@id":"https:\/\/www.aston.eu\/#organization"},"potentialAction":[{"@type":"SearchAction","target":{"@type":"EntryPoint","urlTemplate":"https:\/\/www.aston.eu\/?s={search_term_string}"},"query-input":{"@type":"PropertyValueSpecification","valueRequired":true,"valueName":"search_term_string"}}],"inLanguage":"en-US"},{"@type":"Organization","@id":"https:\/\/www.aston.eu\/#organization","name":"Aston ITM","url":"https:\/\/www.aston.eu\/","logo":{"@type":"ImageObject","inLanguage":"en-US","@id":"https:\/\/www.aston.eu\/#\/schema\/logo\/image\/","url":"https:\/\/www.aston.eu\/wp-content\/uploads\/2023\/03\/Logo_astonitm.svg","contentUrl":"https:\/\/www.aston.eu\/wp-content\/uploads\/2023\/03\/Logo_astonitm.svg","width":161,"height":30,"caption":"Aston ITM"},"image":{"@id":"https:\/\/www.aston.eu\/#\/schema\/logo\/image\/"}}]}},"_links":{"self":[{"href":"https:\/\/www.aston.eu\/en\/wp-json\/wp\/v2\/pages\/15415","targetHints":{"allow":["GET"]}}],"collection":[{"href":"https:\/\/www.aston.eu\/en\/wp-json\/wp\/v2\/pages"}],"about":[{"href":"https:\/\/www.aston.eu\/en\/wp-json\/wp\/v2\/types\/page"}],"author":[{"embeddable":true,"href":"https:\/\/www.aston.eu\/en\/wp-json\/wp\/v2\/users\/1"}],"replies":[{"embeddable":true,"href":"https:\/\/www.aston.eu\/en\/wp-json\/wp\/v2\/comments?post=15415"}],"version-history":[{"count":4,"href":"https:\/\/www.aston.eu\/en\/wp-json\/wp\/v2\/pages\/15415\/revisions"}],"predecessor-version":[{"id":16642,"href":"https:\/\/www.aston.eu\/en\/wp-json\/wp\/v2\/pages\/15415\/revisions\/16642"}],"wp:attachment":[{"href":"https:\/\/www.aston.eu\/en\/wp-json\/wp\/v2\/media?parent=15415"}],"curies":[{"name":"wp","href":"https:\/\/api.w.org\/{rel}","templated":true}]}}